{"id":1007,"date":"2025-07-04T20:19:43","date_gmt":"2025-07-04T20:19:43","guid":{"rendered":"https:\/\/marsaconsultants.com\/?page_id=1007"},"modified":"2025-12-10T16:43:19","modified_gmt":"2025-12-10T22:43:19","slug":"clientes","status":"publish","type":"page","link":"https:\/\/marsaconsultants.com\/index.php\/clientes\/","title":{"rendered":"Clientes"},"content":{"rendered":"\t\t<div data-elementor-type=\"wp-page\" data-elementor-id=\"1007\" class=\"elementor elementor-1007\" data-elementor-post-type=\"page\">\n\t\t\t\t\t\t<section class=\"elementor-section elementor-top-section elementor-element elementor-element-6452be50 elementor-section-height-min-height elementor-section-boxed elementor-section-height-default elementor-section-items-middle\" data-id=\"6452be50\" data-element_type=\"section\" data-settings=\"{&quot;background_background&quot;:&quot;classic&quot;}\">\n\t\t\t\t\t\t\t<div class=\"elementor-background-overlay\"><\/div>\n\t\t\t\t\t\t\t<div class=\"elementor-container elementor-column-gap-default\">\n\t\t\t\t\t<div class=\"elementor-column elementor-col-100 elementor-top-column elementor-element elementor-element-34514743\" data-id=\"34514743\" data-element_type=\"column\">\n\t\t\t<div class=\"elementor-widget-wrap elementor-element-populated\">\n\t\t\t\t\t\t<div class=\"elementor-element elementor-element-463435dd elementor-widget elementor-widget-heading\" data-id=\"463435dd\" data-element_type=\"widget\" data-widget_type=\"heading.default\">\n\t\t\t\t<div class=\"elementor-widget-container\">\n\t\t\t\t\t<h2 class=\"elementor-heading-title elementor-size-default\">Lo que dicen algunos de nuestros Clientes \n<\/h2>\t\t\t\t<\/div>\n\t\t\t\t<\/div>\n\t\t\t\t\t<\/div>\n\t\t<\/div>\n\t\t\t\t\t<\/div>\n\t\t<\/section>\n\t\t\t\t<section class=\"elementor-section elementor-top-section elementor-element elementor-element-3e6269f0 elementor-section-boxed elementor-section-height-default elementor-section-height-default\" data-id=\"3e6269f0\" data-element_type=\"section\">\n\t\t\t\t\t\t<div class=\"elementor-container elementor-column-gap-default\">\n\t\t\t\t\t<div class=\"elementor-column elementor-col-100 elementor-top-column elementor-element elementor-element-43caa009\" data-id=\"43caa009\" data-element_type=\"column\">\n\t\t\t<div class=\"elementor-widget-wrap elementor-element-populated\">\n\t\t\t\t\t\t<div class=\"elementor-element elementor-element-4f71e447 elementor-widget-divider--view-line_text elementor-widget-divider--element-align-right elementor-widget elementor-widget-divider\" data-id=\"4f71e447\" data-element_type=\"widget\" data-widget_type=\"divider.default\">\n\t\t\t\t<div class=\"elementor-widget-container\">\n\t\t\t\t\t\t\t<div class=\"elementor-divider\">\n\t\t\t<span class=\"elementor-divider-separator\">\n\t\t\t\t\t\t\t<h2 class=\"elementor-divider__text elementor-divider__element\">\n\t\t\t\tCLIENTES SATISFECHOS\t\t\t\t<\/h2>\n\t\t\t\t\t\t<\/span>\n\t\t<\/div>\n\t\t\t\t\t\t<\/div>\n\t\t\t\t<\/div>\n\t\t\t\t<div class=\"elementor-element elementor-element-afa69a5 elementor-widget elementor-widget-heading\" data-id=\"afa69a5\" data-element_type=\"widget\" data-widget_type=\"heading.default\">\n\t\t\t\t<div class=\"elementor-widget-container\">\n\t\t\t\t\t<h3 class=\"elementor-heading-title elementor-size-default\">Descubre Las Opiniones De Algunos De\nNuestros Clientes Y Aliados De Negocio<\/h3>\t\t\t\t<\/div>\n\t\t\t\t<\/div>\n\t\t<div class=\"elementor-element elementor-element-2bb72dd e-grid e-con-boxed e-con e-parent\" data-id=\"2bb72dd\" data-element_type=\"container\">\n\t\t\t\t\t<div class=\"e-con-inner\">\n\t\t\t\t<div class=\"elementor-element elementor-element-53822d4 elementor-widget__width-initial elementor-widget-mobile__width-initial elementor-widget elementor-widget-video\" data-id=\"53822d4\" data-element_type=\"widget\" data-settings=\"{&quot;youtube_url&quot;:&quot;https:\\\/\\\/youtube.com\\\/shorts\\\/Vv774r5TTbY&quot;,&quot;yt_privacy&quot;:&quot;yes&quot;,&quot;video_type&quot;:&quot;youtube&quot;,&quot;controls&quot;:&quot;yes&quot;}\" data-widget_type=\"video.default\">\n\t\t\t\t<div class=\"elementor-widget-container\">\n\t\t\t\t\t\t\t<div class=\"elementor-wrapper elementor-open-inline\">\n\t\t\t<div class=\"elementor-video\"><\/div>\t\t<\/div>\n\t\t\t\t\t\t<\/div>\n\t\t\t\t<\/div>\n\t\t\t\t<div class=\"elementor-element elementor-element-b6e87fd elementor-widget__width-initial elementor-widget-mobile__width-initial elementor-widget elementor-widget-video\" data-id=\"b6e87fd\" data-element_type=\"widget\" data-settings=\"{&quot;youtube_url&quot;:&quot;https:\\\/\\\/youtube.com\\\/shorts\\\/cOv6x2XP7Ms&quot;,&quot;yt_privacy&quot;:&quot;yes&quot;,&quot;video_type&quot;:&quot;youtube&quot;,&quot;controls&quot;:&quot;yes&quot;}\" data-widget_type=\"video.default\">\n\t\t\t\t<div class=\"elementor-widget-container\">\n\t\t\t\t\t\t\t<div class=\"elementor-wrapper elementor-open-inline\">\n\t\t\t<div class=\"elementor-video\"><\/div>\t\t<\/div>\n\t\t\t\t\t\t<\/div>\n\t\t\t\t<\/div>\n\t\t\t\t<div class=\"elementor-element elementor-element-460ab07 elementor-widget__width-initial elementor-widget-mobile__width-initial elementor-widget elementor-widget-video\" data-id=\"460ab07\" data-element_type=\"widget\" data-settings=\"{&quot;youtube_url&quot;:&quot;https:\\\/\\\/youtube.com\\\/shorts\\\/2K7DAFAy-Ys&quot;,&quot;yt_privacy&quot;:&quot;yes&quot;,&quot;video_type&quot;:&quot;youtube&quot;,&quot;controls&quot;:&quot;yes&quot;}\" data-widget_type=\"video.default\">\n\t\t\t\t<div class=\"elementor-widget-container\">\n\t\t\t\t\t\t\t<div class=\"elementor-wrapper elementor-open-inline\">\n\t\t\t<div class=\"elementor-video\"><\/div>\t\t<\/div>\n\t\t\t\t\t\t<\/div>\n\t\t\t\t<\/div>\n\t\t\t\t<div class=\"elementor-element elementor-element-9cb1215 elementor-widget__width-initial elementor-widget-mobile__width-initial elementor-widget elementor-widget-video\" data-id=\"9cb1215\" data-element_type=\"widget\" data-settings=\"{&quot;youtube_url&quot;:&quot;https:\\\/\\\/youtube.com\\\/shorts\\\/Nh2One9LJM0&quot;,&quot;yt_privacy&quot;:&quot;yes&quot;,&quot;video_type&quot;:&quot;youtube&quot;,&quot;controls&quot;:&quot;yes&quot;}\" data-widget_type=\"video.default\">\n\t\t\t\t<div class=\"elementor-widget-container\">\n\t\t\t\t\t\t\t<div class=\"elementor-wrapper elementor-open-inline\">\n\t\t\t<div class=\"elementor-video\"><\/div>\t\t<\/div>\n\t\t\t\t\t\t<\/div>\n\t\t\t\t<\/div>\n\t\t\t\t<div class=\"elementor-element elementor-element-442545f elementor-widget__width-initial elementor-widget-mobile__width-initial elementor-widget elementor-widget-video\" data-id=\"442545f\" data-element_type=\"widget\" data-settings=\"{&quot;youtube_url&quot;:&quot;https:\\\/\\\/youtube.com\\\/shorts\\\/tjObA3TGh8Q&quot;,&quot;yt_privacy&quot;:&quot;yes&quot;,&quot;video_type&quot;:&quot;youtube&quot;,&quot;controls&quot;:&quot;yes&quot;}\" data-widget_type=\"video.default\">\n\t\t\t\t<div class=\"elementor-widget-container\">\n\t\t\t\t\t\t\t<div class=\"elementor-wrapper elementor-open-inline\">\n\t\t\t<div class=\"elementor-video\"><\/div>\t\t<\/div>\n\t\t\t\t\t\t<\/div>\n\t\t\t\t<\/div>\n\t\t\t\t\t<\/div>\n\t\t\t\t<\/div>\n\t\t\t\t\t<\/div>\n\t\t<\/div>\n\t\t\t\t\t<\/div>\n\t\t<\/section>\n\t\t\t\t<section class=\"elementor-section elementor-top-section elementor-element elementor-element-31b573c elementor-section-boxed elementor-section-height-default elementor-section-height-default elementor-invisible\" data-id=\"31b573c\" data-element_type=\"section\" data-settings=\"{&quot;background_background&quot;:&quot;classic&quot;,&quot;animation&quot;:&quot;slideInUp&quot;}\">\n\t\t\t\t\t\t\t<div class=\"elementor-background-overlay\"><\/div>\n\t\t\t\t\t\t\t<div class=\"elementor-container elementor-column-gap-default\">\n\t\t\t\t\t<div class=\"elementor-column elementor-col-66 elementor-top-column elementor-element elementor-element-1bf6bc0\" data-id=\"1bf6bc0\" data-element_type=\"column\">\n\t\t\t<div class=\"elementor-widget-wrap elementor-element-populated\">\n\t\t\t\t\t\t<div class=\"elementor-element elementor-element-5ddf42e elementor-widget elementor-widget-heading\" data-id=\"5ddf42e\" data-element_type=\"widget\" data-settings=\"{&quot;_animation_mobile&quot;:&quot;fadeIn&quot;}\" data-widget_type=\"heading.default\">\n\t\t\t\t<div class=\"elementor-widget-container\">\n\t\t\t\t\t<h3 class=\"elementor-heading-title elementor-size-default\">\u00a1Solicita tu asesor\u00eda hoy mismo! Impulsamos el \u00e9xito de tu empresa.<\/h3>\t\t\t\t<\/div>\n\t\t\t\t<\/div>\n\t\t\t\t<div class=\"elementor-element elementor-element-19eadcb elementor-widget elementor-widget-text-editor\" data-id=\"19eadcb\" data-element_type=\"widget\" data-settings=\"{&quot;_animation_mobile&quot;:&quot;fadeIn&quot;}\" data-widget_type=\"text-editor.default\">\n\t\t\t\t<div class=\"elementor-widget-container\">\n\t\t\t\t\t\t\t\t\t<p>Nos comunicaremos lo m\u00e1s pronto posible.<\/p>\t\t\t\t\t\t\t\t<\/div>\n\t\t\t\t<\/div>\n\t\t\t\t\t<\/div>\n\t\t<\/div>\n\t\t\t\t<div class=\"elementor-column elementor-col-33 elementor-top-column elementor-element elementor-element-80d66d8\" data-id=\"80d66d8\" data-element_type=\"column\">\n\t\t\t<div class=\"elementor-widget-wrap elementor-element-populated\">\n\t\t\t\t\t\t<div class=\"elementor-element elementor-element-ca4942a elementor-align-center elementor-widget elementor-widget-button\" data-id=\"ca4942a\" data-element_type=\"widget\" data-settings=\"{&quot;_animation_mobile&quot;:&quot;fadeInLeft&quot;}\" data-widget_type=\"button.default\">\n\t\t\t\t<div class=\"elementor-widget-container\">\n\t\t\t\t\t\t\t\t\t<div class=\"elementor-button-wrapper\">\n\t\t\t\t\t<a class=\"elementor-button elementor-button-link elementor-size-sm\" href=\"https:\/\/marsaconsultants.com\/index.php\/contacto\/\">\n\t\t\t\t\t\t<span class=\"elementor-button-content-wrapper\">\n\t\t\t\t\t\t<span class=\"elementor-button-icon\">\n\t\t\t\t<svg aria-hidden=\"true\" class=\"e-font-icon-svg e-fas-long-arrow-alt-right\" viewBox=\"0 0 448 512\" xmlns=\"http:\/\/www.w3.org\/2000\/svg\"><path d=\"M313.941 216H12c-6.627 0-12 5.373-12 12v56c0 6.627 5.373 12 12 12h301.941v46.059c0 21.382 25.851 32.09 40.971 16.971l86.059-86.059c9.373-9.373 9.373-24.569 0-33.941l-86.059-86.059c-15.119-15.119-40.971-4.411-40.971 16.971V216z\"><\/path><\/svg>\t\t\t<\/span>\n\t\t\t\t\t\t\t\t\t<span class=\"elementor-button-text\">Escr\u00edbenos <\/span>\n\t\t\t\t\t<\/span>\n\t\t\t\t\t<\/a>\n\t\t\t\t<\/div>\n\t\t\t\t\t\t\t\t<\/div>\n\t\t\t\t<\/div>\n\t\t\t\t\t<\/div>\n\t\t<\/div>\n\t\t\t\t\t<\/div>\n\t\t<\/section>\n\t\t\t\t<\/div>\n\t\t","protected":false},"excerpt":{"rendered":"<p>Lo que dicen algunos de nuestros Clientes CLIENTES SATISFECHOS Descubre Las Opiniones De Algunos De Nuestros Clientes Y Aliados De Negocio https:\/\/youtube.com\/shorts\/Vv774r5TTbYhttps:\/\/youtube.com\/shorts\/cOv6x2XP7Mshttps:\/\/youtube.com\/shorts\/2K7DAFAy-Yshttps:\/\/youtube.com\/shorts\/Nh2One9LJM0https:\/\/youtube.com\/shorts\/tjObA3TGh8Q \u00a1Solicita tu asesor\u00eda hoy mismo! Impulsamos el \u00e9xito de tu empresa. Nos comunicaremos lo m\u00e1s pronto posible. Escr\u00edbenos<\/p>\n","protected":false},"author":1,"featured_media":0,"parent":0,"menu_order":0,"comment_status":"closed","ping_status":"closed","template":"elementor_header_footer","meta":{"footnotes":""},"class_list":["post-1007","page","type-page","status-publish","hentry"],"yoast_head":"<!-- This site is optimized with the Yoast SEO plugin v25.5 - https:\/\/yoast.com\/wordpress\/plugins\/seo\/ -->\n<title>Clientes - Marsa Consultants<\/title>\n<meta name=\"robots\" content=\"index, follow, max-snippet:-1, max-image-preview:large, max-video-preview:-1\" \/>\n<link rel=\"canonical\" href=\"https:\/\/marsaconsultants.com\/index.php\/clientes\/\" \/>\n<meta property=\"og:locale\" content=\"es_ES\" \/>\n<meta property=\"og:type\" content=\"article\" \/>\n<meta property=\"og:title\" content=\"Clientes - Marsa Consultants\" \/>\n<meta property=\"og:description\" content=\"Lo que dicen algunos de nuestros Clientes CLIENTES SATISFECHOS Descubre Las Opiniones De Algunos De Nuestros Clientes Y Aliados De Negocio https:\/\/youtube.com\/shorts\/Vv774r5TTbYhttps:\/\/youtube.com\/shorts\/cOv6x2XP7Mshttps:\/\/youtube.com\/shorts\/2K7DAFAy-Yshttps:\/\/youtube.com\/shorts\/Nh2One9LJM0https:\/\/youtube.com\/shorts\/tjObA3TGh8Q \u00a1Solicita tu asesor\u00eda hoy mismo! Impulsamos el \u00e9xito de tu empresa. Nos comunicaremos lo m\u00e1s pronto posible. Escr\u00edbenos\" \/>\n<meta property=\"og:url\" content=\"https:\/\/marsaconsultants.com\/index.php\/clientes\/\" \/>\n<meta property=\"og:site_name\" content=\"Marsa Consultants\" \/>\n<meta property=\"article:publisher\" content=\"https:\/\/www.facebook.com\/people\/Marsa-Consulting-Group\/61574899265037\/\" \/>\n<meta property=\"article:modified_time\" content=\"2025-12-10T22:43:19+00:00\" \/>\n<meta name=\"twitter:card\" content=\"summary_large_image\" \/>\n<meta name=\"twitter:label1\" content=\"Tiempo de lectura\" \/>\n\t<meta name=\"twitter:data1\" content=\"1 minuto\" \/>\n<script type=\"application\/ld+json\" class=\"yoast-schema-graph\">{\"@context\":\"https:\/\/schema.org\",\"@graph\":[{\"@type\":\"WebPage\",\"@id\":\"https:\/\/marsaconsultants.com\/index.php\/clientes\/\",\"url\":\"https:\/\/marsaconsultants.com\/index.php\/clientes\/\",\"name\":\"Clientes - Marsa Consultants\",\"isPartOf\":{\"@id\":\"https:\/\/marsaconsultants.com\/#website\"},\"datePublished\":\"2025-07-04T20:19:43+00:00\",\"dateModified\":\"2025-12-10T22:43:19+00:00\",\"breadcrumb\":{\"@id\":\"https:\/\/marsaconsultants.com\/index.php\/clientes\/#breadcrumb\"},\"inLanguage\":\"es\",\"potentialAction\":[{\"@type\":\"ReadAction\",\"target\":[\"https:\/\/marsaconsultants.com\/index.php\/clientes\/\"]}]},{\"@type\":\"BreadcrumbList\",\"@id\":\"https:\/\/marsaconsultants.com\/index.php\/clientes\/#breadcrumb\",\"itemListElement\":[{\"@type\":\"ListItem\",\"position\":1,\"name\":\"Portada\",\"item\":\"https:\/\/marsaconsultants.com\/\"},{\"@type\":\"ListItem\",\"position\":2,\"name\":\"Clientes\"}]},{\"@type\":\"WebSite\",\"@id\":\"https:\/\/marsaconsultants.com\/#website\",\"url\":\"https:\/\/marsaconsultants.com\/\",\"name\":\"Marsa Consultants\",\"description\":\"Recursos para la Gesti\u00f3n Humana Eficaz\",\"publisher\":{\"@id\":\"https:\/\/marsaconsultants.com\/#organization\"},\"potentialAction\":[{\"@type\":\"SearchAction\",\"target\":{\"@type\":\"EntryPoint\",\"urlTemplate\":\"https:\/\/marsaconsultants.com\/?s={search_term_string}\"},\"query-input\":{\"@type\":\"PropertyValueSpecification\",\"valueRequired\":true,\"valueName\":\"search_term_string\"}}],\"inLanguage\":\"es\"},{\"@type\":\"Organization\",\"@id\":\"https:\/\/marsaconsultants.com\/#organization\",\"name\":\"Marsa Consultants\",\"url\":\"https:\/\/marsaconsultants.com\/\",\"logo\":{\"@type\":\"ImageObject\",\"inLanguage\":\"es\",\"@id\":\"https:\/\/marsaconsultants.com\/#\/schema\/logo\/image\/\",\"url\":\"https:\/\/marsaconsultants.com\/wp-content\/uploads\/2025\/05\/Desarrollamos-Personas.-Transformamos-Organizaciones.-noBg-e1749753822460.png\",\"contentUrl\":\"https:\/\/marsaconsultants.com\/wp-content\/uploads\/2025\/05\/Desarrollamos-Personas.-Transformamos-Organizaciones.-noBg-e1749753822460.png\",\"width\":424,\"height\":185,\"caption\":\"Marsa Consultants\"},\"image\":{\"@id\":\"https:\/\/marsaconsultants.com\/#\/schema\/logo\/image\/\"},\"sameAs\":[\"https:\/\/www.facebook.com\/people\/Marsa-Consulting-Group\/61574899265037\/\",\"https:\/\/www.instagram.com\/marsaconsulting.gt\/\",\"https:\/\/www.linkedin.com\/company\/marsa-consulting-group\/\"]}]}<\/script>\n<!-- \/ Yoast SEO plugin. -->","yoast_head_json":{"title":"Clientes - Marsa Consultants","robots":{"index":"index","follow":"follow","max-snippet":"max-snippet:-1","max-image-preview":"max-image-preview:large","max-video-preview":"max-video-preview:-1"},"canonical":"https:\/\/marsaconsultants.com\/index.php\/clientes\/","og_locale":"es_ES","og_type":"article","og_title":"Clientes - Marsa Consultants","og_description":"Lo que dicen algunos de nuestros Clientes CLIENTES SATISFECHOS Descubre Las Opiniones De Algunos De Nuestros Clientes Y Aliados De Negocio https:\/\/youtube.com\/shorts\/Vv774r5TTbYhttps:\/\/youtube.com\/shorts\/cOv6x2XP7Mshttps:\/\/youtube.com\/shorts\/2K7DAFAy-Yshttps:\/\/youtube.com\/shorts\/Nh2One9LJM0https:\/\/youtube.com\/shorts\/tjObA3TGh8Q \u00a1Solicita tu asesor\u00eda hoy mismo! Impulsamos el \u00e9xito de tu empresa. Nos comunicaremos lo m\u00e1s pronto posible. Escr\u00edbenos","og_url":"https:\/\/marsaconsultants.com\/index.php\/clientes\/","og_site_name":"Marsa Consultants","article_publisher":"https:\/\/www.facebook.com\/people\/Marsa-Consulting-Group\/61574899265037\/","article_modified_time":"2025-12-10T22:43:19+00:00","twitter_card":"summary_large_image","twitter_misc":{"Tiempo de lectura":"1 minuto"},"schema":{"@context":"https:\/\/schema.org","@graph":[{"@type":"WebPage","@id":"https:\/\/marsaconsultants.com\/index.php\/clientes\/","url":"https:\/\/marsaconsultants.com\/index.php\/clientes\/","name":"Clientes - Marsa Consultants","isPartOf":{"@id":"https:\/\/marsaconsultants.com\/#website"},"datePublished":"2025-07-04T20:19:43+00:00","dateModified":"2025-12-10T22:43:19+00:00","breadcrumb":{"@id":"https:\/\/marsaconsultants.com\/index.php\/clientes\/#breadcrumb"},"inLanguage":"es","potentialAction":[{"@type":"ReadAction","target":["https:\/\/marsaconsultants.com\/index.php\/clientes\/"]}]},{"@type":"BreadcrumbList","@id":"https:\/\/marsaconsultants.com\/index.php\/clientes\/#breadcrumb","itemListElement":[{"@type":"ListItem","position":1,"name":"Portada","item":"https:\/\/marsaconsultants.com\/"},{"@type":"ListItem","position":2,"name":"Clientes"}]},{"@type":"WebSite","@id":"https:\/\/marsaconsultants.com\/#website","url":"https:\/\/marsaconsultants.com\/","name":"Marsa Consultants","description":"Recursos para la Gesti\u00f3n Humana Eficaz","publisher":{"@id":"https:\/\/marsaconsultants.com\/#organization"},"potentialAction":[{"@type":"SearchAction","target":{"@type":"EntryPoint","urlTemplate":"https:\/\/marsaconsultants.com\/?s={search_term_string}"},"query-input":{"@type":"PropertyValueSpecification","valueRequired":true,"valueName":"search_term_string"}}],"inLanguage":"es"},{"@type":"Organization","@id":"https:\/\/marsaconsultants.com\/#organization","name":"Marsa Consultants","url":"https:\/\/marsaconsultants.com\/","logo":{"@type":"ImageObject","inLanguage":"es","@id":"https:\/\/marsaconsultants.com\/#\/schema\/logo\/image\/","url":"https:\/\/marsaconsultants.com\/wp-content\/uploads\/2025\/05\/Desarrollamos-Personas.-Transformamos-Organizaciones.-noBg-e1749753822460.png","contentUrl":"https:\/\/marsaconsultants.com\/wp-content\/uploads\/2025\/05\/Desarrollamos-Personas.-Transformamos-Organizaciones.-noBg-e1749753822460.png","width":424,"height":185,"caption":"Marsa Consultants"},"image":{"@id":"https:\/\/marsaconsultants.com\/#\/schema\/logo\/image\/"},"sameAs":["https:\/\/www.facebook.com\/people\/Marsa-Consulting-Group\/61574899265037\/","https:\/\/www.instagram.com\/marsaconsulting.gt\/","https:\/\/www.linkedin.com\/company\/marsa-consulting-group\/"]}]}},"_links":{"self":[{"href":"https:\/\/marsaconsultants.com\/index.php\/wp-json\/wp\/v2\/pages\/1007","targetHints":{"allow":["GET"]}}],"collection":[{"href":"https:\/\/marsaconsultants.com\/index.php\/wp-json\/wp\/v2\/pages"}],"about":[{"href":"https:\/\/marsaconsultants.com\/index.php\/wp-json\/wp\/v2\/types\/page"}],"author":[{"embeddable":true,"href":"https:\/\/marsaconsultants.com\/index.php\/wp-json\/wp\/v2\/users\/1"}],"replies":[{"embeddable":true,"href":"https:\/\/marsaconsultants.com\/index.php\/wp-json\/wp\/v2\/comments?post=1007"}],"version-history":[{"count":151,"href":"https:\/\/marsaconsultants.com\/index.php\/wp-json\/wp\/v2\/pages\/1007\/revisions"}],"predecessor-version":[{"id":1943,"href":"https:\/\/marsaconsultants.com\/index.php\/wp-json\/wp\/v2\/pages\/1007\/revisions\/1943"}],"wp:attachment":[{"href":"https:\/\/marsaconsultants.com\/index.php\/wp-json\/wp\/v2\/media?parent=1007"}],"curies":[{"name":"wp","href":"https:\/\/api.w.org\/{rel}","templated":true}]}}